{"id":23869,"date":"2020-02-11T11:13:26","date_gmt":"2020-02-11T16:13:26","guid":{"rendered":"http:\/\/empreintedigitalequebec.com\/police-certificate-step-2\/"},"modified":"2025-02-28T13:20:24","modified_gmt":"2025-02-28T18:20:24","slug":"police-certificate-payment","status":"publish","type":"page","link":"https:\/\/empreintedigitalequebec.com\/en\/police-certificate-payment\/","title":{"rendered":"Police Certificate &#8211; Step 2"},"content":{"rendered":"<p>[et_pb_section fb_built=&#8221;1&#8243; fullwidth=&#8221;on&#8221; module_id=&#8221;banner&#8221; _builder_version=&#8221;4.16&#8243; background_enable_color=&#8221;off&#8221; background_image=&#8221;https:\/\/empreintedigitalequebec.com\/wp-content\/uploads\/2020\/01\/prise-empreinte-digital.jpg&#8221; da_disable_devices=&#8221;off|off|off&#8221; global_colors_info=&#8221;{}&#8221; da_is_popup=&#8221;off&#8221; da_exit_intent=&#8221;off&#8221; da_has_close=&#8221;on&#8221; da_alt_close=&#8221;off&#8221; da_dark_close=&#8221;off&#8221; da_not_modal=&#8221;on&#8221; da_is_singular=&#8221;off&#8221; da_with_loader=&#8221;off&#8221; da_has_shadow=&#8221;on&#8221;][et_pb_fullwidth_slider _builder_version=&#8221;4.16&#8243; custom_button=&#8221;on&#8221; button_text_size=&#8221;15px&#8221; button_text_color=&#8221;#ffffff&#8221; button_bg_color=&#8221;#ff7a53&#8243; button_border_color=&#8221;#ff7a53&#8243; button_letter_spacing=&#8221;0px&#8221; button_font=&#8221;|||on|||||&#8221; button_use_icon=&#8221;off&#8221; button_alignment=&#8221;center&#8221; button_custom_padding=&#8221;20px|40px|20px|40px|true|true&#8221; global_colors_info=&#8221;{}&#8221; button_text_color__hover_enabled=&#8221;on|hover&#8221; button_text_color__hover=&#8221;#ff7a53&#8243;][et_pb_slide _builder_version=&#8221;4.16&#8243; header_level=&#8221;h1&#8243; header_text_align=&#8221;center&#8221; header_font_size=&#8221;73px&#8221; body_text_align=&#8221;center&#8221; body_font_size=&#8221;19px&#8221; background_color=&#8221;rgba(0,0,0,0.6)&#8221; background_enable_color=&#8221;on&#8221; background_enable_image=&#8221;off&#8221; button_alignment=&#8221;center&#8221; global_colors_info=&#8221;{}&#8221; sticky_transition=&#8221;on&#8221;]<\/p>\n<h1><strong>Online Police Certificate &#8211; Step 2 of 3<br \/><\/strong><\/h1>\n<p>[\/et_pb_slide][\/et_pb_fullwidth_slider][\/et_pb_section][et_pb_section fb_built=&#8221;1&#8243; admin_label=&#8221;Construction durable&#8221; module_class=&#8221;montage-interne-gauche&#8221; _builder_version=&#8221;4.16&#8243; background_color=&#8221;#f5f5f5&#8243; da_disable_devices=&#8221;off|off|off&#8221; global_colors_info=&#8221;{}&#8221; da_is_popup=&#8221;off&#8221; da_exit_intent=&#8221;off&#8221; da_has_close=&#8221;on&#8221; da_alt_close=&#8221;off&#8221; da_dark_close=&#8221;off&#8221; da_not_modal=&#8221;on&#8221; da_is_singular=&#8221;off&#8221; da_with_loader=&#8221;off&#8221; da_has_shadow=&#8221;on&#8221;][et_pb_row column_structure=&#8221;1_2,1_2&#8243; make_equal=&#8221;on&#8221; _builder_version=&#8221;4.16&#8243; global_colors_info=&#8221;{}&#8221;][et_pb_column type=&#8221;1_2&#8243; _builder_version=&#8221;4.16&#8243; custom_padding=&#8221;|||&#8221; global_colors_info=&#8221;{}&#8221; custom_padding__hover=&#8221;|||&#8221;][et_pb_text _builder_version=&#8221;4.27.4&#8243; hover_enabled=&#8221;0&#8243; global_colors_info=&#8221;{}&#8221; sticky_enabled=&#8221;0&#8243;]<\/p>\n<h2 class=\"font_2\">Step 2 of 3:<br \/>\nPayment by credit card<\/h2>\n<p>Empreinte Digitale Qu\u00e9bec uses PayPal secured payment platform. It IS NOT mandatory to have a PayPal account since it is also possible to pay with Visa and Mastercard credit card by choosing \u201cPayment by credit card.\u201d<\/p>\n<p>By clicking on the \u201cPurchase\u201d button, you will quit our website and will be redirected to the PayPal secured payment platform. After having completed the payment, you will be redirected to our website to learn about the next step to follow.<\/p>\n<form action=\"https:\/\/www.paypal.com\/cgi-bin\/webscr\" method=\"post\" target=\"_top\"> <input type=\"hidden\" name=\"cmd\" value=\"_s-xclick\" \/> <input type=\"hidden\" name=\"hosted_button_id\" value=\"XS54XVYF2NUF4\" \/> <\/p>\n<table>\n<tr>\n<td> <input type=\"hidden\" name=\"on0\" value=\"Online Police Certificate Services\"\/> Online Police Certificate Services <\/td>\n<\/tr>\n<tr>\n<td> <select name=\"os0\"><option value=\"Standard Service\"> Standard Service 57,00 $ CAD <\/option><option value=\"Express Service\"> Express Service 72,00 $ CAD <\/option><option value=\"Advanced (Includes actual criminal charges)\"> Advanced (Includes actual criminal charges) 62,00 $ CAD <\/option><\/select> <\/td>\n<\/tr>\n<\/table>\n<p> <input type=\"hidden\" name=\"currency_code\" value=\"CAD\" \/> <input type=\"image\" src=\"https:\/\/www.paypalobjects.com\/en_US\/i\/btn\/btn_buynowCC_LG.gif\" border=\"0\" name=\"submit\" title=\"PayPal, le r\u00e9flexe s\u00e9curit\u00e9 pour payer en ligne\" alt=\"Acheter\" \/> <\/form>\n<p>[\/et_pb_text][\/et_pb_column][et_pb_column type=&#8221;1_2&#8243; module_class=&#8221;disableOnMobile&#8221; _builder_version=&#8221;4.16&#8243; background_image=&#8221;https:\/\/empreintedigitalequebec.com\/wp-content\/uploads\/2020\/01\/demande-en-ligne-certificat-police.jpg&#8221; custom_padding=&#8221;|||&#8221; global_colors_info=&#8221;{}&#8221; custom_padding__hover=&#8221;|||&#8221;][\/et_pb_column][\/et_pb_row][\/et_pb_section][et_pb_section fb_built=&#8221;1&#8243; _builder_version=&#8221;4.0.6&#8243; background_color=&#8221;#dededf&#8221; da_disable_devices=&#8221;off|off|off&#8221; global_module=&#8221;23887&#8243; locked=&#8221;off&#8221; global_colors_info=&#8221;{}&#8221; da_is_popup=&#8221;off&#8221; da_exit_intent=&#8221;off&#8221; da_has_close=&#8221;on&#8221; da_alt_close=&#8221;off&#8221; da_dark_close=&#8221;off&#8221; da_not_modal=&#8221;on&#8221; da_is_singular=&#8221;off&#8221; da_with_loader=&#8221;off&#8221; da_has_shadow=&#8221;on&#8221;][et_pb_row _builder_version=&#8221;4.16&#8243; global_colors_info=&#8221;{}&#8221;][et_pb_column type=&#8221;4_4&#8243; _builder_version=&#8221;4.16&#8243; global_colors_info=&#8221;{}&#8221;][et_pb_text _builder_version=&#8221;4.16&#8243; header_2_text_align=&#8221;center&#8221; custom_padding=&#8221;0px|||||&#8221; global_colors_info=&#8221;{}&#8221;]<\/p>\n<h2>Our added value<\/h2>\n<p>[\/et_pb_text][\/et_pb_column][\/et_pb_row][et_pb_row column_structure=&#8221;1_3,1_3,1_3&#8243; _builder_version=&#8221;4.16&#8243; global_colors_info=&#8221;{}&#8221;][et_pb_column type=&#8221;1_3&#8243; _builder_version=&#8221;4.16&#8243; global_colors_info=&#8221;{}&#8221;][et_pb_blurb image=&#8221;https:\/\/empreintedigitalequebec.com\/wp-content\/uploads\/2019\/11\/ico-edq-solution.png&#8221; _builder_version=&#8221;4.16&#8243; header_text_align=&#8221;center&#8221; text_orientation=&#8221;center&#8221; custom_padding=&#8221;|50px||50px|false|true&#8221; global_colors_info=&#8221;{}&#8221;]Empreinte Digitale Qu\u00e9bec\u00a0 is THE solution for you.[\/et_pb_blurb][\/et_pb_column][et_pb_column type=&#8221;1_3&#8243; _builder_version=&#8221;4.16&#8243; global_colors_info=&#8221;{}&#8221;][et_pb_blurb image=&#8221;https:\/\/empreintedigitalequebec.com\/wp-content\/uploads\/2019\/11\/ico-securise-vos-informations.png&#8221; _builder_version=&#8221;4.16&#8243; body_text_align=&#8221;center&#8221; text_orientation=&#8221;center&#8221; custom_padding=&#8221;|50px||50px|false|true&#8221; global_colors_info=&#8221;{}&#8221;]AVAILABILITY, QUICKNESS and the SECURING your information remains our PRIORITY![\/et_pb_blurb][\/et_pb_column][et_pb_column type=&#8221;1_3&#8243; _builder_version=&#8221;4.16&#8243; global_colors_info=&#8221;{}&#8221;][et_pb_blurb image=&#8221;https:\/\/empreintedigitalequebec.com\/wp-content\/uploads\/2019\/11\/ico-sur-rendez-vous.png&#8221; _builder_version=&#8221;4.16&#8243; text_orientation=&#8221;center&#8221; custom_padding=&#8221;|50px||50px|false|true&#8221; global_colors_info=&#8221;{}&#8221;]<\/p>\n<p>Digital fingerprinting service by appointment only.<\/p>\n<p>[\/et_pb_blurb][\/et_pb_column][\/et_pb_row][\/et_pb_section][et_pb_section fb_built=&#8221;1&#8243; admin_label=&#8221;bouton CTA&#8221; module_id=&#8221;CTA&#8221; _builder_version=&#8221;4.16&#8243; background_image=&#8221;https:\/\/empreintedigitalequebec.com\/wp-content\/uploads\/2019\/11\/temp-fond-CTA.jpg&#8221; custom_padding=&#8221;||0px||false|false&#8221; da_disable_devices=&#8221;off|off|off&#8221; locked=&#8221;off&#8221; global_colors_info=&#8221;{}&#8221; da_is_popup=&#8221;off&#8221; da_exit_intent=&#8221;off&#8221; da_has_close=&#8221;on&#8221; da_alt_close=&#8221;off&#8221; da_dark_close=&#8221;off&#8221; da_not_modal=&#8221;on&#8221; da_is_singular=&#8221;off&#8221; da_with_loader=&#8221;off&#8221; da_has_shadow=&#8221;on&#8221;][et_pb_row _builder_version=&#8221;4.16&#8243; custom_padding=&#8221;50px||50px||true|false&#8221; global_colors_info=&#8221;{}&#8221;][et_pb_column type=&#8221;4_4&#8243; _builder_version=&#8221;4.16&#8243; custom_padding=&#8221;|||&#8221; global_colors_info=&#8221;{}&#8221; custom_padding__hover=&#8221;|||&#8221;][et_pb_text _builder_version=&#8221;4.16&#8243; text_font=&#8221;||||||||&#8221; text_text_color=&#8221;#ffffff&#8221; text_font_size=&#8221;20px&#8221; text_line_height=&#8221;2.2em&#8221; header_3_text_color=&#8221;#ffffff&#8221; header_3_font_size=&#8221;36px&#8221; header_3_line_height=&#8221;1.2em&#8221; text_orientation=&#8221;center&#8221; text_text_align=&#8221;center&#8221; locked=&#8221;off&#8221; global_colors_info=&#8221;{}&#8221;]<\/p>\n<h3>It will be our pleasure to address your <br \/>needs and come to visit you.<\/h3>\n<p>Ask for a free estimate now! <sup>1<\/sup><br \/>514 497-4017<\/p>\n<p><a class=\"et_pb_button et_pb_more_button\" href=\"\/en\/contact-us\/\">Free evaluation<\/a><\/p>\n<pre><sup>\n1<\/sup> Restrictions apply. Contact us for more information about the details<\/pre>\n<p>&nbsp;<\/p>\n<p>[\/et_pb_text][\/et_pb_column][\/et_pb_row][\/et_pb_section]<\/p>\n","protected":false},"excerpt":{"rendered":"<p>Online Police Certificate &#8211; Step 2 of 3Step 2 of 3: Payment by credit card Empreinte Digitale Qu\u00e9bec uses PayPal secured payment platform. It IS NOT mandatory to have a PayPal account since it is also possible to pay with Visa and Mastercard credit card by choosing \u201cPayment by credit card.\u201d By clicking on the [&hellip;]<\/p>\n","protected":false},"author":1,"featured_media":0,"parent":0,"menu_order":0,"comment_status":"closed","ping_status":"closed","template":"","meta":{"_et_pb_use_builder":"on","_et_pb_old_content":"","_et_gb_content_width":"","inline_featured_image":false,"footnotes":""},"class_list":["post-23869","page","type-page","status-publish","hentry"],"yoast_head":"<!-- This site is optimized with the Yoast SEO plugin v27.2 - https:\/\/yoast.com\/product\/yoast-seo-wordpress\/ -->\n<title>Online Police Certificate - Step 2 - Empreinte Digitale Quebec<\/title>\n<meta name=\"robots\" content=\"noindex, nofollow\" \/>\n<meta property=\"og:locale\" content=\"en_US\" \/>\n<meta property=\"og:type\" content=\"article\" \/>\n<meta property=\"og:title\" content=\"Online Police Certificate - Step 2 - Empreinte Digitale Quebec\" \/>\n<meta property=\"og:description\" content=\"Online Police Certificate - Step 2 of 3Step 2 of 3: Payment by credit card Empreinte Digitale Qu\u00e9bec uses PayPal secured payment platform. It IS NOT mandatory to have a PayPal account since it is also possible to pay with Visa and Mastercard credit card by choosing \u201cPayment by credit card.\u201d By clicking on the [&hellip;]\" \/>\n<meta property=\"og:url\" content=\"https:\/\/empreintedigitalequebec.com\/en\/police-certificate-payment\/\" \/>\n<meta property=\"og:site_name\" content=\"Empreinte Digitale Quebec\" \/>\n<meta property=\"article:publisher\" content=\"https:\/\/www.facebook.com\/empreintedigitalequebec\/\" \/>\n<meta property=\"article:modified_time\" content=\"2025-02-28T18:20:24+00:00\" \/>\n<meta property=\"og:image\" content=\"https:\/\/empreintedigitalequebec.com\/wp-content\/uploads\/2020\/01\/prise-empreinte-digital.jpg\" \/>\n\t<meta property=\"og:image:width\" content=\"1800\" \/>\n\t<meta property=\"og:image:height\" content=\"1139\" \/>\n\t<meta property=\"og:image:type\" content=\"image\/jpeg\" \/>\n<meta name=\"twitter:card\" content=\"summary_large_image\" \/>\n<meta name=\"twitter:label1\" content=\"Est. reading time\" \/>\n\t<meta name=\"twitter:data1\" content=\"2 minutes\" \/>\n<script type=\"application\/ld+json\" class=\"yoast-schema-graph\">{\n\t    \"@context\": \"https:\/\/schema.org\",\n\t    \"@graph\": [\n\t        {\n\t            \"@type\": \"WebPage\",\n\t            \"@id\": \"https:\/\/empreintedigitalequebec.com\/en\/police-certificate-payment\/\",\n\t            \"url\": \"https:\/\/empreintedigitalequebec.com\/en\/police-certificate-payment\/\",\n\t            \"name\": \"Online Police Certificate - Step 2 - Empreinte Digitale Quebec\",\n\t            \"isPartOf\": {\n\t                \"@id\": \"https:\/\/empreintedigitalequebec.com\/en\/#website\"\n\t            },\n\t            \"datePublished\": \"2020-02-11T16:13:26+00:00\",\n\t            \"dateModified\": \"2025-02-28T18:20:24+00:00\",\n\t            \"breadcrumb\": {\n\t                \"@id\": \"https:\/\/empreintedigitalequebec.com\/en\/police-certificate-payment\/#breadcrumb\"\n\t            },\n\t            \"inLanguage\": \"en-CA\",\n\t            \"potentialAction\": [\n\t                {\n\t                    \"@type\": \"ReadAction\",\n\t                    \"target\": [\n\t                        \"https:\/\/empreintedigitalequebec.com\/en\/police-certificate-payment\/\"\n\t                    ]\n\t                }\n\t            ]\n\t        },\n\t        {\n\t            \"@type\": \"BreadcrumbList\",\n\t            \"@id\": \"https:\/\/empreintedigitalequebec.com\/en\/police-certificate-payment\/#breadcrumb\",\n\t            \"itemListElement\": [\n\t                {\n\t                    \"@type\": \"ListItem\",\n\t                    \"position\": 1,\n\t                    \"name\": \"Home\",\n\t                    \"item\": \"https:\/\/empreintedigitalequebec.com\/en\/\"\n\t                },\n\t                {\n\t                    \"@type\": \"ListItem\",\n\t                    \"position\": 2,\n\t                    \"name\": \"Police Certificate &#8211; Step 2\"\n\t                }\n\t            ]\n\t        },\n\t        {\n\t            \"@type\": \"WebSite\",\n\t            \"@id\": \"https:\/\/empreintedigitalequebec.com\/en\/#website\",\n\t            \"url\": \"https:\/\/empreintedigitalequebec.com\/en\/\",\n\t            \"name\": \"Empreinte Digitale Quebec\",\n\t            \"description\": \"\",\n\t            \"publisher\": {\n\t                \"@id\": \"https:\/\/empreintedigitalequebec.com\/en\/#organization\"\n\t            },\n\t            \"potentialAction\": [\n\t                {\n\t                    \"@type\": \"SearchAction\",\n\t                    \"target\": {\n\t                        \"@type\": \"EntryPoint\",\n\t                        \"urlTemplate\": \"https:\/\/empreintedigitalequebec.com\/en\/?s={search_term_string}\"\n\t                    },\n\t                    \"query-input\": {\n\t                        \"@type\": \"PropertyValueSpecification\",\n\t                        \"valueRequired\": true,\n\t                        \"valueName\": \"search_term_string\"\n\t                    }\n\t                }\n\t            ],\n\t            \"inLanguage\": \"en-CA\"\n\t        },\n\t        {\n\t            \"@type\": \"Organization\",\n\t            \"@id\": \"https:\/\/empreintedigitalequebec.com\/en\/#organization\",\n\t            \"name\": \"Empreinte Digital Qu\u00e9bec\",\n\t            \"url\": \"https:\/\/empreintedigitalequebec.com\/en\/\",\n\t            \"logo\": {\n\t                \"@type\": \"ImageObject\",\n\t                \"inLanguage\": \"en-CA\",\n\t                \"@id\": \"https:\/\/empreintedigitalequebec.com\/en\/#\/schema\/logo\/image\/\",\n\t                \"url\": \"http:\/\/empreintedigitalequebec.com\/wp-content\/uploads\/2019\/11\/logo-edq.svg\",\n\t                \"contentUrl\": \"http:\/\/empreintedigitalequebec.com\/wp-content\/uploads\/2019\/11\/logo-edq.svg\",\n\t                \"width\": 1,\n\t                \"height\": 1,\n\t                \"caption\": \"Empreinte Digital Qu\u00e9bec\"\n\t            },\n\t            \"image\": {\n\t                \"@id\": \"https:\/\/empreintedigitalequebec.com\/en\/#\/schema\/logo\/image\/\"\n\t            },\n\t            \"sameAs\": [\n\t                \"https:\/\/www.facebook.com\/empreintedigitalequebec\/\",\n\t                \"http:\/\/linkedin.com\/company\/empreinte-digitale-quebec\"\n\t            ],\n\t            \"address\": [\n\t                {\n\t                    \"@type\": \"PostalAddress\",\n\t                    \"addressLocality\": \"Laval\",\n\t                    \"addressRegion\": \"Quebec\",\n\t                    \"postalCode\": \"H7S 2N5\",\n\t                    \"streetAddress\": \"1555, boulevard de l'Avenir,bureau 306\"\n\t                }\n\t            ],\n\t            \"geo\": [\n\t                {\n\t                    \"@type\": \"GeoCoordinates\",\n\t                    \"latitude\": \"45.565026\",\n\t                    \"longitude\": \"-73.724292\"\n\t                }\n\t            ],\n\t            \"telephone\": \"514-497-4017\"\n\t        }\n\t    ]\n\t}<\/script>\n<!-- \/ Yoast SEO plugin. -->","yoast_head_json":{"title":"Online Police Certificate - Step 2 - Empreinte Digitale Quebec","robots":{"index":"noindex","follow":"nofollow"},"og_locale":"en_US","og_type":"article","og_title":"Online Police Certificate - Step 2 - Empreinte Digitale Quebec","og_description":"Online Police Certificate - Step 2 of 3Step 2 of 3: Payment by credit card Empreinte Digitale Qu\u00e9bec uses PayPal secured payment platform. It IS NOT mandatory to have a PayPal account since it is also possible to pay with Visa and Mastercard credit card by choosing \u201cPayment by credit card.\u201d By clicking on the [&hellip;]","og_url":"https:\/\/empreintedigitalequebec.com\/en\/police-certificate-payment\/","og_site_name":"Empreinte Digitale Quebec","article_publisher":"https:\/\/www.facebook.com\/empreintedigitalequebec\/","article_modified_time":"2025-02-28T18:20:24+00:00","og_image":[{"width":1800,"height":1139,"url":"https:\/\/empreintedigitalequebec.com\/wp-content\/uploads\/2020\/01\/prise-empreinte-digital.jpg","type":"image\/jpeg"}],"twitter_card":"summary_large_image","twitter_misc":{"Est. reading time":"2 minutes"},"schema":{"@context":"https:\/\/schema.org","@graph":[{"@type":"WebPage","@id":"https:\/\/empreintedigitalequebec.com\/en\/police-certificate-payment\/","url":"https:\/\/empreintedigitalequebec.com\/en\/police-certificate-payment\/","name":"Online Police Certificate - Step 2 - Empreinte Digitale Quebec","isPartOf":{"@id":"https:\/\/empreintedigitalequebec.com\/en\/#website"},"datePublished":"2020-02-11T16:13:26+00:00","dateModified":"2025-02-28T18:20:24+00:00","breadcrumb":{"@id":"https:\/\/empreintedigitalequebec.com\/en\/police-certificate-payment\/#breadcrumb"},"inLanguage":"en-CA","potentialAction":[{"@type":"ReadAction","target":["https:\/\/empreintedigitalequebec.com\/en\/police-certificate-payment\/"]}]},{"@type":"BreadcrumbList","@id":"https:\/\/empreintedigitalequebec.com\/en\/police-certificate-payment\/#breadcrumb","itemListElement":[{"@type":"ListItem","position":1,"name":"Home","item":"https:\/\/empreintedigitalequebec.com\/en\/"},{"@type":"ListItem","position":2,"name":"Police Certificate &#8211; Step 2"}]},{"@type":"WebSite","@id":"https:\/\/empreintedigitalequebec.com\/en\/#website","url":"https:\/\/empreintedigitalequebec.com\/en\/","name":"Empreinte Digitale Quebec","description":"","publisher":{"@id":"https:\/\/empreintedigitalequebec.com\/en\/#organization"},"potentialAction":[{"@type":"SearchAction","target":{"@type":"EntryPoint","urlTemplate":"https:\/\/empreintedigitalequebec.com\/en\/?s={search_term_string}"},"query-input":{"@type":"PropertyValueSpecification","valueRequired":true,"valueName":"search_term_string"}}],"inLanguage":"en-CA"},{"@type":"Organization","@id":"https:\/\/empreintedigitalequebec.com\/en\/#organization","name":"Empreinte Digital Qu\u00e9bec","url":"https:\/\/empreintedigitalequebec.com\/en\/","logo":{"@type":"ImageObject","inLanguage":"en-CA","@id":"https:\/\/empreintedigitalequebec.com\/en\/#\/schema\/logo\/image\/","url":"http:\/\/empreintedigitalequebec.com\/wp-content\/uploads\/2019\/11\/logo-edq.svg","contentUrl":"http:\/\/empreintedigitalequebec.com\/wp-content\/uploads\/2019\/11\/logo-edq.svg","width":1,"height":1,"caption":"Empreinte Digital Qu\u00e9bec"},"image":{"@id":"https:\/\/empreintedigitalequebec.com\/en\/#\/schema\/logo\/image\/"},"sameAs":["https:\/\/www.facebook.com\/empreintedigitalequebec\/","http:\/\/linkedin.com\/company\/empreinte-digitale-quebec"],"address":[{"@type":"PostalAddress","addressLocality":"Laval","addressRegion":"Quebec","postalCode":"H7S 2N5","streetAddress":"1555, boulevard de l'Avenir,bureau 306"}],"geo":[{"@type":"GeoCoordinates","latitude":"45.565026","longitude":"-73.724292"}],"telephone":"514-497-4017"}]}},"_links":{"self":[{"href":"https:\/\/empreintedigitalequebec.com\/en\/wp-json\/wp\/v2\/pages\/23869","targetHints":{"allow":["GET"]}}],"collection":[{"href":"https:\/\/empreintedigitalequebec.com\/en\/wp-json\/wp\/v2\/pages"}],"about":[{"href":"https:\/\/empreintedigitalequebec.com\/en\/wp-json\/wp\/v2\/types\/page"}],"author":[{"embeddable":true,"href":"https:\/\/empreintedigitalequebec.com\/en\/wp-json\/wp\/v2\/users\/1"}],"replies":[{"embeddable":true,"href":"https:\/\/empreintedigitalequebec.com\/en\/wp-json\/wp\/v2\/comments?post=23869"}],"version-history":[{"count":4,"href":"https:\/\/empreintedigitalequebec.com\/en\/wp-json\/wp\/v2\/pages\/23869\/revisions"}],"predecessor-version":[{"id":24744,"href":"https:\/\/empreintedigitalequebec.com\/en\/wp-json\/wp\/v2\/pages\/23869\/revisions\/24744"}],"wp:attachment":[{"href":"https:\/\/empreintedigitalequebec.com\/en\/wp-json\/wp\/v2\/media?parent=23869"}],"curies":[{"name":"wp","href":"https:\/\/api.w.org\/{rel}","templated":true}]}}